{"id":4910,"date":"2024-09-25T08:13:23","date_gmt":"2024-09-25T12:13:23","guid":{"rendered":"https:\/\/galerieriverin.com\/?page_id=4910"},"modified":"2024-09-25T17:56:59","modified_gmt":"2024-09-25T21:56:59","slug":"parrainage","status":"publish","type":"page","link":"https:\/\/richardriverin.com\/fr\/parrainage\/","title":{"rendered":"Parrainage"},"content":{"rendered":"<p>[et_pb_section fb_built=\u00a0\u00bb1&Prime; custom_padding_last_edited=\u00a0\u00bboff|desktop\u00a0\u00bb admin_label=\u00a0\u00bbHeader\u00a0\u00bb _builder_version=\u00a0\u00bb4.16&Prime; use_background_color_gradient=\u00a0\u00bbon\u00a0\u00bb background_color_gradient_direction=\u00a0\u00bb90deg\u00a0\u00bb background_color_gradient_stops=\u00a0\u00bb#ffffff 50%|#e9e7e8 50%\u00a0\u00bb background_color_gradient_start=\u00a0\u00bb#ffffff\u00a0\u00bb background_color_gradient_start_position=\u00a0\u00bb50%\u00a0\u00bb background_color_gradient_end=\u00a0\u00bb#e9e7e8&Prime; background_color_gradient_end_position=\u00a0\u00bb50%\u00a0\u00bb background_image=\u00a0\u00bbhttps:\/\/richardriverin.com\/wp-content\/uploads\/2021\/06\/photo-hero.jpg\u00a0\u00bb width=\u00a0\u00bb100%\u00a0\u00bb max_width=\u00a0\u00bb100%\u00a0\u00bb max_width_tablet=\u00a0\u00bb\u00a0\u00bb max_width_phone=\u00a0\u00bb\u00a0\u00bb max_width_last_edited=\u00a0\u00bbon|desktop\u00a0\u00bb custom_padding=\u00a0\u00bb5vw||5vw||true|false\u00a0\u00bb custom_padding_tablet=\u00a0\u00bb5vw||5vw||true\u00a0\u00bb background_last_edited=\u00a0\u00bbon|phone\u00a0\u00bb use_background_color_gradient_tablet=\u00a0\u00bbon\u00a0\u00bb use_background_color_gradient_phone=\u00a0\u00bbon\u00a0\u00bb background_color_gradient_stops_tablet=\u00a0\u00bb#efefef 73%|#e9e7e8 73%\u00a0\u00bb background_color_gradient_stops_phone=\u00a0\u00bb#efefef 100%|#e9e7e8 100%\u00a0\u00bb background_color_gradient_start_tablet=\u00a0\u00bb#efefef\u00a0\u00bb background_color_gradient_start_position_tablet=\u00a0\u00bb73%\u00a0\u00bb background_color_gradient_start_position_phone=\u00a0\u00bb100%\u00a0\u00bb background_position_tablet=\u00a0\u00bbtop_left\u00a0\u00bb locked=\u00a0\u00bboff\u00a0\u00bb collapsed=\u00a0\u00bbon\u00a0\u00bb global_colors_info=\u00a0\u00bb{}\u00a0\u00bb][et_pb_row _builder_version=\u00a0\u00bb4.16&Prime; use_custom_width=\u00a0\u00bbon\u00a0\u00bb width_unit=\u00a0\u00bboff\u00a0\u00bb custom_width_percent=\u00a0\u00bb100%\u00a0\u00bb locked=\u00a0\u00bboff\u00a0\u00bb global_colors_info=\u00a0\u00bb{}\u00a0\u00bb][et_pb_column type=\u00a0\u00bb4_4&Prime; _builder_version=\u00a0\u00bb4.16&Prime; custom_padding=\u00a0\u00bb|||\u00a0\u00bb global_colors_info=\u00a0\u00bb{}\u00a0\u00bb custom_padding__hover=\u00a0\u00bb|||\u00a0\u00bb][et_pb_text _builder_version=\u00a0\u00bb4.24.3&Prime; text_font=\u00a0\u00bb||||||||\u00a0\u00bb header_font=\u00a0\u00bbPrata||||||||\u00a0\u00bb header_text_align=\u00a0\u00bbcenter\u00a0\u00bb header_text_color=\u00a0\u00bb#000000&Prime; header_font_size=\u00a0\u00bb110px\u00a0\u00bb header_2_font=\u00a0\u00bb|500||on|||||\u00a0\u00bb header_2_font_size=\u00a0\u00bb14px\u00a0\u00bb header_2_letter_spacing=\u00a0\u00bb5px\u00a0\u00bb header_2_line_height=\u00a0\u00bb2em\u00a0\u00bb transform_translate_linked=\u00a0\u00bboff\u00a0\u00bb max_width=\u00a0\u00bb100%\u00a0\u00bb max_width_tablet=\u00a0\u00bb70%\u00a0\u00bb max_width_last_edited=\u00a0\u00bboff|phone\u00a0\u00bb header_font_size_tablet=\u00a0\u00bb80px\u00a0\u00bb header_font_size_phone=\u00a0\u00bb45px\u00a0\u00bb header_font_size_last_edited=\u00a0\u00bbon|phone\u00a0\u00bb global_colors_info=\u00a0\u00bb{}\u00a0\u00bb]<\/p>\n<h1><span>Parrainage<br \/><\/span><\/h1>\n<p>[\/et_pb_text][\/et_pb_column][\/et_pb_row][\/et_pb_section][et_pb_section fb_built=\u00a0\u00bb1&Prime; admin_label=\u00a0\u00bbEmail\u00a0\u00bb _builder_version=\u00a0\u00bb4.16&Prime; background_image=\u00a0\u00bbhttps:\/\/richardriverin.com\/wp-content\/uploads\/2021\/05\/art-gallery-55.jpg\u00a0\u00bb background_size=\u00a0\u00bbinitial\u00a0\u00bb background_repeat=\u00a0\u00bbrepeat\u00a0\u00bb locked=\u00a0\u00bboff\u00a0\u00bb global_colors_info=\u00a0\u00bb{}\u00a0\u00bb][et_pb_row column_structure=\u00a0\u00bb1_3,1_3,1_3&Prime; use_custom_gutter=\u00a0\u00bbon\u00a0\u00bb gutter_width=\u00a0\u00bb2&Prime; make_equal=\u00a0\u00bbon\u00a0\u00bb _builder_version=\u00a0\u00bb4.24.3&Prime; custom_padding=\u00a0\u00bb30px||30px||true|false\u00a0\u00bb use_custom_width=\u00a0\u00bbon\u00a0\u00bb width_unit=\u00a0\u00bboff\u00a0\u00bb custom_width_percent=\u00a0\u00bb100%\u00a0\u00bb locked=\u00a0\u00bboff\u00a0\u00bb global_colors_info=\u00a0\u00bb{}\u00a0\u00bb][et_pb_column type=\u00a0\u00bb1_3&Prime; _builder_version=\u00a0\u00bb4.16&Prime; custom_padding=\u00a0\u00bb|||\u00a0\u00bb global_colors_info=\u00a0\u00bb{}\u00a0\u00bb custom_padding__hover=\u00a0\u00bb|||\u00a0\u00bb][et_pb_text _builder_version=\u00a0\u00bb4.24.3&Prime; _module_preset=\u00a0\u00bbdefault\u00a0\u00bb text_text_color=\u00a0\u00bb#000000&Prime; text_font_size=\u00a0\u00bb14px\u00a0\u00bb text_line_height=\u00a0\u00bb1.5em\u00a0\u00bb link_text_color=\u00a0\u00bb#000000&Prime; hover_enabled=\u00a0\u00bb0&Prime; text_font_size_tablet=\u00a0\u00bb14px\u00a0\u00bb text_font_size_phone=\u00a0\u00bb14px\u00a0\u00bb text_font_size_last_edited=\u00a0\u00bbon|desktop\u00a0\u00bb global_colors_info=\u00a0\u00bb{}\u00a0\u00bb link_text_color__hover_enabled=\u00a0\u00bbon|hover\u00a0\u00bb link_text_color__hover=\u00a0\u00bb#E09900&Prime; sticky_enabled=\u00a0\u00bb0&Prime;]<\/p>\n<p><strong>Bryan-Eric Lane, Lane avocats<\/strong><br \/>4494, Autoroute Laval Ouest (A-\u00ad440) Bureau 220<br \/>Laval (Qu\u00e9bec) H7T 2P7<\/p>\n<p><strong>Courriel :<\/strong> <a href=\"mailto:info@lanelegal.com\">info@lanelegal.com<\/a><br \/><strong>T\u00e9l\u00e9phone :<\/strong> <a href=\"tel:4506961033\">(450) 696-1033<\/a><br \/><strong>T\u00e9l\u00e9copieur :<\/strong> <a href=\"tel:4509340804\">(450) 934-0804<\/a><\/p>\n<p><strong>Erik Humphrey<\/strong> &#8211;<strong> Hyde Park Fine Art<\/strong><\/p>\n<p><strong>E-mail<\/strong> : erik@hydeparkinteriordesign.com<\/p>\n<p>&nbsp;<\/p>\n<p>[\/et_pb_text][\/et_pb_column][et_pb_column type=\u00a0\u00bb1_3&Prime; _builder_version=\u00a0\u00bb4.16&Prime; custom_padding=\u00a0\u00bb|||\u00a0\u00bb global_colors_info=\u00a0\u00bb{}\u00a0\u00bb custom_padding__hover=\u00a0\u00bb|||\u00a0\u00bb][\/et_pb_column][et_pb_column type=\u00a0\u00bb1_3&Prime; _builder_version=\u00a0\u00bb4.16&Prime; custom_padding=\u00a0\u00bb|||\u00a0\u00bb global_colors_info=\u00a0\u00bb{}\u00a0\u00bb custom_padding__hover=\u00a0\u00bb|||\u00a0\u00bb][\/et_pb_column][\/et_pb_row][\/et_pb_section]<\/p>\n","protected":false},"excerpt":{"rendered":"<p>ParrainageBryan-Eric Lane, Lane avocats4494, Autoroute Laval Ouest (A-\u00ad440) Bureau 220Laval (Qu\u00e9bec) H7T 2P7 Courriel : info@lanelegal.comT\u00e9l\u00e9phone : (450) 696-1033T\u00e9l\u00e9copieur : (450) 934-0804 Erik Humphrey &#8211; Hyde Park Fine Art E-mail : erik@hydeparkinteriordesign.com &nbsp;<\/p>\n","protected":false},"author":1,"featured_media":0,"parent":0,"menu_order":0,"comment_status":"closed","ping_status":"closed","template":"","meta":{"_et_pb_use_builder":"on","_et_pb_old_content":"","_et_gb_content_width":"","footnotes":""},"dipi_cpt_category":[],"class_list":["post-4910","page","type-page","status-publish","hentry"],"_links":{"self":[{"href":"https:\/\/richardriverin.com\/fr\/wp-json\/wp\/v2\/pages\/4910","targetHints":{"allow":["GET"]}}],"collection":[{"href":"https:\/\/richardriverin.com\/fr\/wp-json\/wp\/v2\/pages"}],"about":[{"href":"https:\/\/richardriverin.com\/fr\/wp-json\/wp\/v2\/types\/page"}],"author":[{"embeddable":true,"href":"https:\/\/richardriverin.com\/fr\/wp-json\/wp\/v2\/users\/1"}],"replies":[{"embeddable":true,"href":"https:\/\/richardriverin.com\/fr\/wp-json\/wp\/v2\/comments?post=4910"}],"version-history":[{"count":6,"href":"https:\/\/richardriverin.com\/fr\/wp-json\/wp\/v2\/pages\/4910\/revisions"}],"predecessor-version":[{"id":4946,"href":"https:\/\/richardriverin.com\/fr\/wp-json\/wp\/v2\/pages\/4910\/revisions\/4946"}],"wp:attachment":[{"href":"https:\/\/richardriverin.com\/fr\/wp-json\/wp\/v2\/media?parent=4910"}],"wp:term":[{"taxonomy":"dipi_cpt_category","embeddable":true,"href":"https:\/\/richardriverin.com\/fr\/wp-json\/wp\/v2\/dipi_cpt_category?post=4910"}],"curies":[{"name":"wp","href":"https:\/\/api.w.org\/{rel}","templated":true}]}}